{"id":1081,"date":"2016-01-30T19:28:28","date_gmt":"2016-01-30T13:58:28","guid":{"rendered":"http:\/\/naqshin.azurewebsites.net\/?page_id=1081"},"modified":"2016-01-30T19:28:28","modified_gmt":"2016-01-30T13:58:28","slug":"naqshbandi-golden-chain","status":"publish","type":"page","link":"https:\/\/www.naqshbandiphilippines.com\/?page_id=1081","title":{"rendered":"Naqshbandi Golden Chain"},"content":{"rendered":"<table>\n<tbody>\n<tr>\n<td width=\"36\">No<\/td>\n<td width=\"532\">Name<\/td>\n<\/tr>\n<tr>\n<td width=\"36\">1<\/td>\n<td width=\"532\">Rasoolullah Saiyydina wa Mawl\u00e1na Muhammed Mustafa (salla-llahu \u2018alayhi wa sallam)<\/td>\n<\/tr>\n<tr>\n<td width=\"36\">2<\/td>\n<td width=\"532\">Saiyydina Abu Bakr as-Siddiq (radhi Allahu ta&#8217;ala anhu)<\/td>\n<\/tr>\n<tr>\n<td width=\"36\">3<\/td>\n<td width=\"532\">Salman al-Farsi (405-655)<\/td>\n<\/tr>\n<tr>\n<td width=\"36\">4<\/td>\n<td width=\"532\">Qasim bin Muhammed bin Abu Bakr as-Siddiq (656-726)<\/td>\n<\/tr>\n<tr>\n<td width=\"36\">5<\/td>\n<td width=\"532\">Al-Imam Ja\u2019far as-Sadiq peace be upon him (702-765)<\/td>\n<\/tr>\n<tr>\n<td width=\"36\">6<\/td>\n<td width=\"532\">Sult\u00e2nu-l-\u2019Arifin Abu Yazid al-Bistami (804-874)<\/td>\n<\/tr>\n<tr>\n<td width=\"36\">7<\/td>\n<td width=\"532\">Abu Hasan al-Kharqani (-1034)<\/td>\n<\/tr>\n<tr>\n<td width=\"36\">8<\/td>\n<td width=\"532\">Abu Ali al-Farmadhi (1042\/3-1085)<\/td>\n<\/tr>\n<tr>\n<td width=\"36\">9<\/td>\n<td width=\"532\">Khw\u00e1ja Yusuf al-Hamadani (1048\/49-1141)<\/td>\n<\/tr>\n<tr>\n<td width=\"36\">10<\/td>\n<td width=\"532\">Abul-\u2019Abbas Khidr peace be upon him (-present<\/td>\n<\/tr>\n<tr>\n<td width=\"36\">11<\/td>\n<td width=\"532\">Khw\u00e1ja Khwajag\u00e1n Im\u00e1mu-l-Khatm Abdul Khaliq al-Ghujduwani (-1180)<\/td>\n<\/tr>\n<tr>\n<td width=\"36\">12<\/td>\n<td width=\"532\">Khw\u00e1ja \u2018Arif Righwari (-1219)<\/td>\n<\/tr>\n<tr>\n<td width=\"36\">13<\/td>\n<td width=\"532\">Khw\u00e1ja Mahmud al-Faghnawi (-1315)<\/td>\n<\/tr>\n<tr>\n<td width=\"36\">14<\/td>\n<td width=\"532\">Khw\u00e1ja Ali Ramitani (1198-1315\/1321)<\/td>\n<\/tr>\n<tr>\n<td width=\"36\">15<\/td>\n<td width=\"532\">Khw\u00e1ja Muhammed Baba Samasi (-1354)<\/td>\n<\/tr>\n<tr>\n<td width=\"36\">16<\/td>\n<td width=\"532\">Khw\u00e1ja Sayyid Amir Kulal (-1370)<\/td>\n<\/tr>\n<tr>\n<td width=\"36\">17<\/td>\n<td width=\"532\">Qutb at-Tariqah Shah Muhammed Bahauddin Naqshband al-Uwaysi al-Bukhari (1318-1389)<\/td>\n<\/tr>\n<tr>\n<td width=\"36\">18<\/td>\n<td width=\"532\">Khw\u00e1ja Alauddin Muhammed al-Attar (-1400)<\/td>\n<\/tr>\n<tr>\n<td width=\"36\">19<\/td>\n<td width=\"532\">Khw\u00e1ja Yaqub al-Sharkhi (-1447)<\/td>\n<\/tr>\n<tr>\n<td width=\"36\">20<\/td>\n<td width=\"532\">Hadrat Ihsan Khw\u00e1ja Ubaydullah al-Ahrar as-Samarqandi (1403\/4-1490)<\/td>\n<\/tr>\n<tr>\n<td width=\"36\">21<\/td>\n<td width=\"532\">Saiyydina ash-Shaykh Muhammed az-Zahid (-1530)<\/td>\n<\/tr>\n<tr>\n<td width=\"36\">22<\/td>\n<td width=\"532\">Saiyydina ash-Shaykh Dervish Muhammed al-Bukhari (-1562)<\/td>\n<\/tr>\n<tr>\n<td width=\"36\">23<\/td>\n<td width=\"532\">Khw\u00e1ja Hajegi Emkeneki as-Samarqandi (-1600)<\/td>\n<\/tr>\n<tr>\n<td width=\"36\">24<\/td>\n<td width=\"532\">Saiyydina Muhammed al-Baqibillah as-Samarqandi (1565-1603)<\/td>\n<\/tr>\n<tr>\n<td width=\"36\">25<\/td>\n<td width=\"532\">Saiyydina Mujaddid al-Alfath -Thani Imam Rabbani Ahmad as-Sirhindi (1563-1624)<\/td>\n<\/tr>\n<tr>\n<td width=\"36\">26<\/td>\n<td width=\"532\">Saiyydina \u2018Urwat ul-Wuthqa Muhammed Ma\u2019sum ar-Rabbani (1598\/99-1668)<\/td>\n<\/tr>\n<tr>\n<td width=\"36\">27<\/td>\n<td width=\"532\">Saiyydina ash-Shaykh Haji Sayfuddin ar-Rabbani (1639\/40-1684)<\/td>\n<\/tr>\n<tr>\n<td width=\"36\">28<\/td>\n<td width=\"532\">Saiyydina ash-Shaykh Sayyid Nur Muhammed al-Badwani (-1722)<\/td>\n<\/tr>\n<tr>\n<td width=\"36\">29<\/td>\n<td width=\"532\">Saiyydina ash-Shaykh Habibullah Mirza Jan-i-Janan al-Mazhar (1699-1700-1798)<\/td>\n<\/tr>\n<tr>\n<td width=\"36\">30<\/td>\n<td width=\"532\">Siyydina ash-Shaykh Ghulam Ali Abd Alllah al-Dahlawi (1745-1824)<\/td>\n<\/tr>\n<tr>\n<td width=\"36\">31<\/td>\n<td width=\"532\">Saiyydina ash-Shaykh Diyauddin Abu Naasan Muhammed Khalid al-Baghdadi (1778-1826)<\/td>\n<\/tr>\n<tr>\n<td width=\"36\">32<\/td>\n<td width=\"532\">Saiyydina ash-Shaykh Isma\u2019il al-Kurdemiri (-1839)<\/td>\n<\/tr>\n<tr>\n<td width=\"36\">33<\/td>\n<td width=\"532\">Saiyydina ash-Shaykh Khas Muhammed Shirwani (1786-1844)<\/td>\n<\/tr>\n<tr>\n<td width=\"36\">34<\/td>\n<td width=\"532\">Saiyydina ash-Shaykh Muhammed Effendi al-Yaraghi (1777-1848)<\/td>\n<\/tr>\n<tr>\n<td width=\"36\">35<\/td>\n<td width=\"532\">Saiyydina ash-Shaykh Sayyid Jamaluddin al-Ghumuqi al-Husayni (1788-1869)<\/td>\n<\/tr>\n<tr>\n<td width=\"36\">36<\/td>\n<td width=\"532\">Saiyydina ash-Shaykh Abu Ahmed as-Sughuri (1789-1882)<\/td>\n<\/tr>\n<tr>\n<td width=\"36\">37<\/td>\n<td width=\"532\">Saiyydina ash-Shaykh Abu Muhammed al-Madani (1835-1913)<\/td>\n<\/tr>\n<tr>\n<td width=\"36\">38<\/td>\n<td width=\"532\">Saiyydina ash-Shaykh Sayyid Sharafuddin ad-Daghestani (1875-1936)<\/td>\n<\/tr>\n<tr>\n<td width=\"36\">39<\/td>\n<td width=\"532\">Al-F\u00e1\u2019id Sultan al-Awliya Shaykh Abd Allah ad-Daghestani (1891-1973)<\/td>\n<\/tr>\n<tr>\n<td width=\"36\">40<\/td>\n<td width=\"532\">Sultaan-ul-Awliya Shaykhuna wa-Ustazuna Shaykh Muhammed Nazim Adil al-Qubrusi al-Haqqani (1922-2014)<\/td>\n<\/tr>\n<tr>\n<td width=\"36\">41<\/td>\n<td width=\"532\">Shaykhul Islam Sayyidi Wa Murshidi Wa Moulaaee Hazrat Mawl\u00e1na Shaykh Muhammed Aadil Sultaan Ibnul Sultaan Naqshbandi Haqqani Daamat Barkaatuhu<\/td>\n<\/tr>\n<\/tbody>\n<\/table>\n","protected":false},"excerpt":{"rendered":"<p>No Name 1 Rasoolullah Saiyydina wa Mawl\u00e1na Muhammed Mustafa (salla-llahu \u2018alayhi wa sallam) 2 Saiyydina Abu Bakr as-Siddiq (radhi Allahu ta&#8217;ala anhu) 3 Salman al-Farsi (405-655) 4 Qasim bin Muhammed&#8230; <a href=\"https:\/\/www.naqshbandiphilippines.com\/?page_id=1081\">Read more &raquo;<\/a><\/p>\n","protected":false},"author":1,"featured_media":0,"parent":1051,"menu_order":0,"comment_status":"closed","ping_status":"closed","template":"","meta":{"footnotes":""},"class_list":["post-1081","page","type-page","status-publish","hentry"],"_links":{"self":[{"href":"https:\/\/www.naqshbandiphilippines.com\/index.php?rest_route=\/wp\/v2\/pages\/1081","targetHints":{"allow":["GET"]}}],"collection":[{"href":"https:\/\/www.naqshbandiphilippines.com\/index.php?rest_route=\/wp\/v2\/pages"}],"about":[{"href":"https:\/\/www.naqshbandiphilippines.com\/index.php?rest_route=\/wp\/v2\/types\/page"}],"author":[{"embeddable":true,"href":"https:\/\/www.naqshbandiphilippines.com\/index.php?rest_route=\/wp\/v2\/users\/1"}],"replies":[{"embeddable":true,"href":"https:\/\/www.naqshbandiphilippines.com\/index.php?rest_route=%2Fwp%2Fv2%2Fcomments&post=1081"}],"version-history":[{"count":0,"href":"https:\/\/www.naqshbandiphilippines.com\/index.php?rest_route=\/wp\/v2\/pages\/1081\/revisions"}],"up":[{"embeddable":true,"href":"https:\/\/www.naqshbandiphilippines.com\/index.php?rest_route=\/wp\/v2\/pages\/1051"}],"wp:attachment":[{"href":"https:\/\/www.naqshbandiphilippines.com\/index.php?rest_route=%2Fwp%2Fv2%2Fmedia&parent=1081"}],"curies":[{"name":"wp","href":"https:\/\/api.w.org\/{rel}","templated":true}]}}